{"id":1434,"date":"2020-03-19T09:09:27","date_gmt":"2020-03-19T08:09:27","guid":{"rendered":"https:\/\/lespinsdesantagiulia.com\/the-beaches-of-southern-corsica\/"},"modified":"2021-11-09T17:10:02","modified_gmt":"2021-11-09T16:10:02","slug":"the-beaches-of-southern-corsica","status":"publish","type":"page","link":"https:\/\/lespinsdesantagiulia.com\/en\/the-beaches-of-southern-corsica\/","title":{"rendered":"The beaches of southern Corsica"},"content":{"rendered":"<div class=\"wpb-content-wrapper\"><p>[vc_row css=&#8221;.vc_custom_1549379736057{margin-bottom: 0px !important;}&#8221;][vc_column css=&#8221;.vc_custom_1548802651004{margin-bottom: 0px !important;}&#8221;]<div id=\"fullwidth-block-69d1011ff360c\" class=\"fullwidth-block clearfix\"  style=\"background-color: #445422;padding-top: 10px;\"><script type=\"text\/javascript\">if (typeof(gem_fix_fullwidth_position) == \"function\") { gem_fix_fullwidth_position(document.getElementById(\"fullwidth-block-69d1011ff360c\")); }<\/script><div class=\"fullwidth-block-inner\">[vc_row_inner css=&#8221;.vc_custom_1548802630227{margin-bottom: 0px !important;}&#8221;][vc_column_inner width=&#8221;1\/6&#8243;][\/vc_column_inner][vc_column_inner width=&#8221;2\/3&#8243; css=&#8221;.vc_custom_1578429729876{padding-top: 10px !important;padding-bottom: 10px !important;}&#8221;][vc_column_text]<\/p>\n<h1 style=\"text-align: center;\"><span style=\"color: #ffffff; font-size: 30px;\"><span class=\"tlid-translation translation\" lang=\"en\"><span class=\"\" title=\"\">UNESCO CLASSES THE BEACH OF SANTA GIULIA AMONG THE MOST BEAUTIFUL BEACHES IN THE WORLD!<\/span><\/span><\/span><\/h1>\n<p>[\/vc_column_text][\/vc_column_inner][vc_column_inner width=&#8221;1\/6&#8243;][\/vc_column_inner][\/vc_row_inner]<\/div><\/div>[\/vc_column][\/vc_row][vc_row full_width=&#8221;stretch_row_content&#8221; css=&#8221;.vc_custom_1549305435808{margin-bottom: 0px !important;padding-top: 0px !important;}&#8221;][vc_column css=&#8221;.vc_custom_1548802578294{padding-top: 0px !important;}&#8221;]<div id=\"fullwidth-block-69d1011ff3934\" class=\"fullwidth-block clearfix\"  style=\"background-color: #f4f2e9;\"><script type=\"text\/javascript\">if (typeof(gem_fix_fullwidth_position) == \"function\") { gem_fix_fullwidth_position(document.getElementById(\"fullwidth-block-69d1011ff3934\")); }<\/script><div class=\"fullwidth-block-background\" style=\"background-image: url(https:\/\/lespinsdesantagiulia.com\/wp-content\/uploads\/2020\/01\/BG_services.jpg);background-repeat: no-repeat; background-size: cover;background-position: center top;\"><\/div><div class=\"fullwidth-block-inner\"><div class=\"container\">[vc_empty_space][vc_column_text]<\/p>\n<div class=\"title-h3\" style=\"text-align: center;\"><span class=\"light\" style=\"color: #445422;\"><span class=\"tlid-translation translation\" lang=\"en\"><span class=\"\" title=\"\">LOCATED 17 KM NORTHEAST OF BONIFACIO AND 4 KM SOUTH OF PORTO-VECCHIO BUT ESPECIALLY 950 METERS FROM OUR RESIDENCE!<\/span><\/span><\/span><\/div>\n<p>[\/vc_column_text][vc_row_inner][vc_column_inner width=&#8221;1\/2&#8243;][vc_single_image image=&#8221;1482&#8243; img_size=&#8221;29&#215;42&#8243; alignment=&#8221;center&#8221;][vc_column_text]<\/p>\n<p style=\"text-align: center;\"><strong>Le littoral de la Corse-du-Sud poss\u00e8de les plus belles plages de sable fin et blanc. Le paradis sur terre pourrait \u00eatre la plage de Santa Giulia, elle est situ\u00e9e au sud du golfe de Porto-Vecchio, il s\u2019agit d\u2019un lagon aux eaux turquoises et limpides entour\u00e9es d\u2019un sable blanc et fin, presque cristallin !<\/strong><\/p>\n<p style=\"text-align: center;\">C\u2019est une des plages les plus embl\u00e9matiques de Corse mais aussi la plus pris\u00e9e !<br \/>\nElle est aussi id\u00e9ale pour les enfants en bas \u00e2ge car elle est en pente tr\u00e8s douce.<br \/>\nLa r\u00e9sidence des pins de Santa Giulia vous propose des locations de villas \u00e0 proximit\u00e9 de cette plage et de Porto Vecchio.<br \/>\nEn effet, la R\u00e9sidence est situ\u00e9e \u00e0 950 m\u00e8tres de Santa Giulia, bord\u00e9e par une pin\u00e8de.<\/p>\n<p style=\"text-align: center;\">\u00c0 4 kilom\u00e8tres, la longue plage de Palombaggia se d\u00e9roule entre le vert des pins et celui \u00e9meraude de l\u2019eau et non loin de l\u00e0, la petite Rondinara s\u2019inscrit comme une crique entre les rochers.<\/p>\n<p style=\"text-align: center;\">D\u00e9couvrez \u00e9galement Les \u00celes Lavezzi et ses somptueuses plages et criques \u00e0 l\u2019eau turquoise, bord\u00e9es par d\u2019immenses blocs de granits.<\/p>\n<p style=\"text-align: center;\">Class\u00e9es r\u00e9serve naturelle, le paysage y est spectaculaire et digne des plus belles cartes postales. Un incontournable pour votre voyage en Corse !<\/p>\n<p>[\/vc_column_text][\/vc_column_inner][vc_column_inner width=&#8221;1\/2&#8243;][vc_images_carousel images=&#8221;1442,1440,1438,1436,1454&#8243; img_size=&#8221;full&#8221; el_class=&#8221;borderrsk&#8221;][\/vc_column_inner][\/vc_row_inner][vc_separator color=&#8221;custom&#8221; style=&#8221;shadow&#8221; accent_color=&#8221;#9b9b9b&#8221;][vc_empty_space][vc_row_inner][vc_column_inner width=&#8221;1\/4&#8243;][\/vc_column_inner][vc_column_inner width=&#8221;1\/4&#8243;]<style type=\"text\/css\">.thegem-button-69d1011ff3a2d1777 .gem-button svg {fill: #ffffff;}.thegem-button-69d1011ff3a2d1777 .gem-button:hover svg {fill: #50b2d8;}<\/style><div class=\"gem-button-container gem-button-position-center thegem-button-69d1011ff3a2d1777    \"  ><a class=\"gem-button gem-button-size-medium gem-button-style-flat gem-button-text-weight-thin\" data-ll-effect=\"drop-right-without-wrap\" style=\"border-radius: 1px;background-color: #50b2d8;color: #ffffff;\" onmouseleave=\"this.style.backgroundColor='#50b2d8';this.style.color='#ffffff';\" onmouseenter=\"this.style.backgroundColor='#ffffff';this.style.color='#50b2d8';\" href=\"https:\/\/www.secure-hotel-booking.com\/Les-Pins-de-Santa-Giulia\/JIJI\/?hotelId=26245\" target=\"_blank\">BOOK NOW<\/a><\/div> [\/vc_column_inner][vc_column_inner width=&#8221;1\/4&#8243;]<style type=\"text\/css\">.thegem-button-69d1011ff3ae04670 .gem-button svg {fill: #ffffff;}.thegem-button-69d1011ff3ae04670 .gem-button:hover svg {fill: #50b2d8;}<\/style><div class=\"gem-button-container gem-button-position-center thegem-button-69d1011ff3ae04670    \"  ><a title=\"Contact r\u00e9sidence Santa Giulia\" class=\"gem-button gem-button-size-medium gem-button-style-flat gem-button-text-weight-thin\" data-ll-effect=\"drop-right-without-wrap\" style=\"border-radius: 1px;background-color: #50b2d8;color: #ffffff;\" onmouseleave=\"this.style.backgroundColor='#50b2d8';this.style.color='#ffffff';\" onmouseenter=\"this.style.backgroundColor='#ffffff';this.style.color='#50b2d8';\" href=\"mailto:contact@lespinsdesantagiulia.com\" target=\"_blank\">CONTACT US<\/a><\/div> [\/vc_column_inner][vc_column_inner width=&#8221;1\/4&#8243;][\/vc_column_inner][\/vc_row_inner]<\/div><\/div><\/div>[\/vc_column][\/vc_row]<\/p>\n<\/div>","protected":false},"excerpt":{"rendered":"<p>[vc_row css=&#8221;.vc_custom_1549379736057{margin-bottom: 0px !important;}&#8221;][vc_column css=&#8221;.vc_custom_1548802651004{margin-bottom: 0px !important;}&#8221;][\/vc_column][\/vc_row][vc_row full_width=&#8221;stretch_row_content&#8221; css=&#8221;.vc_custom_1549305435808{margin-bottom: 0px !important;padding-top: 0px !important;}&#8221;][vc_column css=&#8221;.vc_custom_1548802578294{padding-top: 0px !important;}&#8221;][\/vc_column][\/vc_row]<\/p>\n","protected":false},"author":1,"featured_media":0,"parent":0,"menu_order":0,"comment_status":"closed","ping_status":"open","template":"","meta":{"footnotes":""},"class_list":["post-1434","page","type-page","status-publish"],"aioseo_notices":[],"_links":{"self":[{"href":"https:\/\/lespinsdesantagiulia.com\/en\/wp-json\/wp\/v2\/pages\/1434","targetHints":{"allow":["GET"]}}],"collection":[{"href":"https:\/\/lespinsdesantagiulia.com\/en\/wp-json\/wp\/v2\/pages"}],"about":[{"href":"https:\/\/lespinsdesantagiulia.com\/en\/wp-json\/wp\/v2\/types\/page"}],"author":[{"embeddable":true,"href":"https:\/\/lespinsdesantagiulia.com\/en\/wp-json\/wp\/v2\/users\/1"}],"replies":[{"embeddable":true,"href":"https:\/\/lespinsdesantagiulia.com\/en\/wp-json\/wp\/v2\/comments?post=1434"}],"version-history":[{"count":4,"href":"https:\/\/lespinsdesantagiulia.com\/en\/wp-json\/wp\/v2\/pages\/1434\/revisions"}],"predecessor-version":[{"id":2084,"href":"https:\/\/lespinsdesantagiulia.com\/en\/wp-json\/wp\/v2\/pages\/1434\/revisions\/2084"}],"wp:attachment":[{"href":"https:\/\/lespinsdesantagiulia.com\/en\/wp-json\/wp\/v2\/media?parent=1434"}],"curies":[{"name":"wp","href":"https:\/\/api.w.org\/{rel}","templated":true}]}}