{"id":1386,"date":"2020-03-19T08:40:40","date_gmt":"2020-03-19T07:40:40","guid":{"rendered":"https:\/\/lespinsdesantagiulia.com\/mountain-activities-in-southern-corsica\/"},"modified":"2026-04-13T18:45:29","modified_gmt":"2026-04-13T16:45:29","slug":"mountain-activities-in-southern-corsica","status":"publish","type":"page","link":"https:\/\/lespinsdesantagiulia.com\/en\/mountain-activities-in-southern-corsica\/","title":{"rendered":"Mountain activities in Southern Corsica"},"content":{"rendered":"<div class=\"wpb-content-wrapper\"><p>[vc_row css=&#8221;.vc_custom_1549379736057{margin-bottom: 0px !important;}&#8221;][vc_column css=&#8221;.vc_custom_1548802651004{margin-bottom: 0px !important;}&#8221;]<div id=\"fullwidth-block-69e4ee54b0699\" class=\"fullwidth-block clearfix\"  style=\"background-color: #445422;padding-top: 10px;\"><script type=\"text\/javascript\">if (typeof(gem_fix_fullwidth_position) == \"function\") { gem_fix_fullwidth_position(document.getElementById(\"fullwidth-block-69e4ee54b0699\")); }<\/script><div class=\"fullwidth-block-inner\">[vc_row_inner css=&#8221;.vc_custom_1548802630227{margin-bottom: 0px !important;}&#8221;][vc_column_inner width=&#8221;1\/6&#8243;][\/vc_column_inner][vc_column_inner width=&#8221;2\/3&#8243; css=&#8221;.vc_custom_1578429729876{padding-top: 10px !important;padding-bottom: 10px !important;}&#8221;][vc_column_text]<\/p>\n<h1 style=\"text-align: center;\"><span style=\"color: #ffffff; font-size: 30px;\">Many mountain activities for young and old &#8230;<br \/>\n<\/span><\/h1>\n<p>[\/vc_column_text][\/vc_column_inner][vc_column_inner width=&#8221;1\/6&#8243;][\/vc_column_inner][\/vc_row_inner]<\/div><\/div>[\/vc_column][\/vc_row][vc_row full_width=&#8221;stretch_row_content&#8221; css=&#8221;.vc_custom_1549305435808{margin-bottom: 0px !important;padding-top: 0px !important;}&#8221;][vc_column css=&#8221;.vc_custom_1548802578294{padding-top: 0px !important;}&#8221;]<div id=\"fullwidth-block-69e4ee54b0ada\" class=\"fullwidth-block clearfix\"  style=\"background-color: #f4f2e9;\"><script type=\"text\/javascript\">if (typeof(gem_fix_fullwidth_position) == \"function\") { gem_fix_fullwidth_position(document.getElementById(\"fullwidth-block-69e4ee54b0ada\")); }<\/script><div class=\"fullwidth-block-background\" style=\"background-image: url(https:\/\/lespinsdesantagiulia.com\/wp-content\/uploads\/2020\/01\/BG_services.jpg);background-repeat: no-repeat; background-size: cover;background-position: center top;\"><\/div><div class=\"fullwidth-block-inner\"><div class=\"container\">[vc_empty_space][vc_column_text]<\/p>\n<div class=\"title-h3\" style=\"text-align: center;\"><span class=\"light\" style=\"color: #445422;\"><b>The Col de Bavella loops<\/b><\/span><\/div>\n<p>[\/vc_column_text][vc_row_inner][vc_column_inner width=&#8221;1\/2&#8243;][vc_empty_space][vc_single_image image=&#8221;1482&#8243; img_size=&#8221;29&#215;42&#8243; alignment=&#8221;center&#8221;][vc_column_text css=&#8221;&#8221;]<\/p>\n<p style=\"text-align: center;\"><strong><span class=\"tlid-translation translation\" lang=\"en\">Bavella is a great wonder of Southern Corsica. This grandiose site alone sums up the peculiarities of the relief of the island.<br \/>\nThe needles have amazing shapes and colors ranging from the lightest red to the darkest gray, all sprinkled with immense forests.<\/span><\/strong><\/p>\n<p style=\"text-align: center;\"><span class=\"tlid-translation translation\" lang=\"en\">The Bavella needles form an impressive massif of pinnacles carved from red granite. The Bavella pass (1,243 m) is considered the most beautiful in Corsica by the extent and richness of its panorama.<br \/>\nThe Bavella massif is made up of a laricio pine forest on the heights, maritime pines and lower oaks, to which cedars and chestnuts have been added since the sixties to the son of reforestation which followed successive fires.<\/span><\/p>\n<p style=\"text-align: center;\">Ideally located in the heart of the Regional Natural Park of Corsica, the Bavella site is a territory for discovering unspoiled nature.<br \/>\nCorsica being an island, its fauna and flora are relatively protected from external influences. There are thus many endemic species, that is to say, which do not exist anywhere else.<br \/>\nAt the bend of the paths, you will surely come across these rare species. They are protected. Do not pick them, do not disturb them, observe, photograph\u2026 so that this wealth can continue to amaze nature lovers for a long time.<\/p>\n<p>[\/vc_column_text][\/vc_column_inner][vc_column_inner width=&#8221;1\/2&#8243;][vc_empty_space][vc_empty_space][vc_images_carousel images=&#8221;1396&#8243; img_size=&#8221;full&#8221; css=&#8221;&#8221; el_class=&#8221;borderrsk&#8221;][vc_images_carousel images=&#8221;1394&#8243; img_size=&#8221;full&#8221; css=&#8221;&#8221; el_class=&#8221;borderrsk&#8221;][\/vc_column_inner][\/vc_row_inner][vc_column_text]<\/p>\n<div class=\"title-h3\" style=\"text-align: center;\"><span class=\"light\" style=\"color: #445422;\"><b><span class=\"tlid-translation translation\" lang=\"en\"><span class=\"\" title=\"\">The GR20 circuit<\/span><\/span><\/b><\/span><\/div>\n<p>[\/vc_column_text][vc_row_inner][vc_column_inner width=&#8221;1\/2&#8243;][vc_empty_space height=&#8221;50px&#8221;][vc_images_carousel images=&#8221;1392&#8243; img_size=&#8221;full&#8221; css=&#8221;&#8221; el_class=&#8221;borderrsk&#8221;][vc_images_carousel images=&#8221;1390&#8243; img_size=&#8221;full&#8221; css=&#8221;&#8221; el_class=&#8221;borderrsk&#8221;][\/vc_column_inner][vc_column_inner width=&#8221;1\/2&#8243;][vc_empty_space][vc_single_image image=&#8221;1482&#8243; img_size=&#8221;29&#215;42&#8243; alignment=&#8221;center&#8221;][vc_column_text]<\/p>\n<p style=\"text-align: center;\"><strong><span class=\"tlid-translation translation\" lang=\"en\">In the south-east of the island, on the GR 20 road, an adventure playground for athletes: walking, canonying, climbing, via ferrata &#8230;<\/span><\/strong><\/p>\n<p style=\"text-align: center;\"><span class=\"tlid-translation translation\" lang=\"en\">The hike consists of two parts, north and south. Many hikers walk from north to south (&#8220;traditional&#8221; sense), but it is also very popular to go from south to north (&#8220;easier&#8221; sense). There are also several ways to follow the GR 20. You can very well do it in an &#8220;autonomous&#8221; spirit, by taking all the equipment with you (food, tent, kitchen equipment &#8230;) or in a &#8220;light&#8221; version, sleeping and eating in shelters or sheepfolds still inhabited by shepherds. It should be taken into account that the GR 20 crosses a regional park and that bivouacs are only authorized in specific areas near the refuges and at the foot of Monte Incudine on the Prati plateau at the site of an old refuge. Hence the concept of clearly defined stages; we don\u2019t camp anywhere on the GR 20.<\/span><\/p>\n<p style=\"text-align: center;\">Note that only the Manganu, Matalza, Asinau (currently closed) and Paliri huts are located in Pumonti (&#8220;Au-Del\u00e0-des-Monts&#8221;), that is to say on the western side of the chain central (west of a line including Girolata and Sari-Solenzara), that overlooking the South Corsica. All the others are located in Cismonte (&#8220;En-De\u00e7\u00e0-des-Monts&#8221;), that is to say on the Haute-Corse side (east of a line including Gal\u00e9ria and Solaro). Indeed, the refuges of Prati and d&#8217;Usciolu, although belonging to the municipalities of Palneca and Cozzano in Pumonti, are located on the eastern slope of the great ridge, dominating in fact the municipalities of Isolaccio-di-Fiumorbo and Chisa in Cismonte.<\/p>\n<p style=\"text-align: center;\">To discover the most beautiful basins in the best conditions, and go up streams safely without damaging a fragile ecosystem, it is best to contact professionals, whose list is found in tourist offices.<\/p>\n<p>[\/vc_column_text][\/vc_column_inner][\/vc_row_inner][vc_column_text css=&#8221;&#8221;]<\/p>\n<div class=\"title-h3\" style=\"text-align: center;\"><span class=\"light\" style=\"color: #445422;\"><b>THE Osp\u00e9dale FOREST &amp; Village OF Zonza<\/b><\/span><\/div>\n<p>[\/vc_column_text][vc_row_inner][vc_column_inner width=&#8221;1\/2&#8243;][vc_empty_space][vc_single_image image=&#8221;1482&#8243; img_size=&#8221;29&#215;42&#8243; alignment=&#8221;center&#8221;][vc_column_text css=&#8221;&#8221;]<\/p>\n<p style=\"text-align: center;\"><strong>Just 20 minutes from the residence, the Op\u00e9dale forest and the village of Zonza are two emblematic jewels of the Alta Rocca region in Southern Corsica. Nestled in the heart of a spectacular mountain landscape, the Op\u00e9dale forest captivates with its rich biodiversity and majestic scenery.<\/strong><\/p>\n<p style=\"text-align: center;\">Here you&#8217;ll find vast expanses of Corsican pine, oak, and beech trees, creating a peaceful and cool atmosphere, ideal for hiking and nature contemplation. The trails that wind through the forest offer breathtaking panoramic views of the Bavella Needles, whose jagged peaks dominate the horizon and strongly define the region&#8217;s identity.<\/p>\n<p style=\"text-align: center;\">Nearby, the village of Zonza embodies the authenticity and character of inland Corsica. Perched on a mountainside, Zonza is a perfect starting point for exploring the surrounding area, including the Bavella Pass and its famous rocky landscapes. The village retains its traditional architecture, with stone houses, narrow streets, and a welcoming atmosphere. Zonza is also a vibrant place to live, where traditions, local cuisine, and a warm welcome blend harmoniously. Together, the Op\u00e9dale Forest and the village of Zonza offer a unique experience, a blend of unspoiled nature and Corsican culture.<\/p>\n<p style=\"text-align: center;\">Just outside the village of L&#8217;Ospedale, at an altitude of 900 meters, heading towards Zonza, on a clear day, there&#8217;s a <a href=\"https:\/\/www.alta-rocca-tourisme.com\/patrimoine-naturel\/point-de-vue-de-la-foret-de-lospedale\/\" target=\"_blank\" rel=\"noopener\">magnificent view<\/a> of the Gulf of Porto-Vecchio, 30 km away.<\/p>\n<p style=\"text-align: center;\"><a href=\"https:\/\/www.alta-rocca.com\/alta-rocca-corse\/49-388-alta-rocca-randonnees-en-foret-de-lospedale.html\" target=\"_blank\" rel=\"noopener\"><strong>Discover the hikes to do<\/strong><\/a><\/p>\n<p>[\/vc_column_text][\/vc_column_inner][vc_column_inner width=&#8221;1\/2&#8243;][vc_empty_space][vc_images_carousel images=&#8221;31746&#8243; img_size=&#8221;full&#8221; mode=&#8221;vertical&#8221; css=&#8221;&#8221; el_class=&#8221;borderrsk&#8221;][\/vc_column_inner][\/vc_row_inner][vc_separator color=&#8221;custom&#8221; style=&#8221;shadow&#8221; accent_color=&#8221;#999999&#8243;][vc_empty_space][vc_row_inner][vc_column_inner width=&#8221;1\/4&#8243;][\/vc_column_inner][vc_column_inner width=&#8221;1\/4&#8243;]<style type=\"text\/css\">.thegem-button-69e4ee54b0c474894 .gem-button svg {fill: #ffffff;}.thegem-button-69e4ee54b0c474894 .gem-button:hover svg {fill: #50b2d8;}<\/style><div class=\"gem-button-container gem-button-position-center thegem-button-69e4ee54b0c474894    \"  ><a class=\"gem-button gem-button-size-medium gem-button-style-flat gem-button-text-weight-thin\" data-ll-effect=\"drop-right-without-wrap\" style=\"border-radius: 1px;background-color: #50b2d8;color: #ffffff;\" onmouseleave=\"this.style.backgroundColor='#50b2d8';this.style.color='#ffffff';\" onmouseenter=\"this.style.backgroundColor='#ffffff';this.style.color='#50b2d8';\" href=\"\/en\/reservation\/\" target=\"_blank\">BOOK NOW<\/a><\/div> [\/vc_column_inner][vc_column_inner width=&#8221;1\/4&#8243;]<style type=\"text\/css\">.thegem-button-69e4ee54b0d4a5204 .gem-button svg {fill: #ffffff;}.thegem-button-69e4ee54b0d4a5204 .gem-button:hover svg {fill: #50b2d8;}<\/style><div class=\"gem-button-container gem-button-position-center thegem-button-69e4ee54b0d4a5204    \"  ><a title=\"Contact r\u00e9sidence Santa Giulia\" class=\"gem-button gem-button-size-medium gem-button-style-flat gem-button-text-weight-thin\" data-ll-effect=\"drop-right-without-wrap\" style=\"border-radius: 1px;background-color: #50b2d8;color: #ffffff;\" onmouseleave=\"this.style.backgroundColor='#50b2d8';this.style.color='#ffffff';\" onmouseenter=\"this.style.backgroundColor='#ffffff';this.style.color='#50b2d8';\" href=\"mailto:contact@lespinsdesantagiulia.com\" target=\"_blank\">CONTACT US<\/a><\/div> [\/vc_column_inner][vc_column_inner width=&#8221;1\/4&#8243;][\/vc_column_inner][\/vc_row_inner]<\/div><\/div><\/div>[\/vc_column][\/vc_row]<\/p>\n<\/div>","protected":false},"excerpt":{"rendered":"<p>[vc_row css=&#8221;.vc_custom_1549379736057{margin-bottom: 0px !important;}&#8221;][vc_column css=&#8221;.vc_custom_1548802651004{margin-bottom: 0px !important;}&#8221;][\/vc_column][\/vc_row][vc_row full_width=&#8221;stretch_row_content&#8221; css=&#8221;.vc_custom_1549305435808{margin-bottom: 0px !important;padding-top: 0px !important;}&#8221;][vc_column css=&#8221;.vc_custom_1548802578294{padding-top: 0px !important;}&#8221;][\/vc_column][\/vc_row]<\/p>\n","protected":false},"author":1,"featured_media":0,"parent":0,"menu_order":0,"comment_status":"closed","ping_status":"open","template":"","meta":{"footnotes":""},"class_list":["post-1386","page","type-page","status-publish"],"aioseo_notices":[],"_links":{"self":[{"href":"https:\/\/lespinsdesantagiulia.com\/en\/wp-json\/wp\/v2\/pages\/1386","targetHints":{"allow":["GET"]}}],"collection":[{"href":"https:\/\/lespinsdesantagiulia.com\/en\/wp-json\/wp\/v2\/pages"}],"about":[{"href":"https:\/\/lespinsdesantagiulia.com\/en\/wp-json\/wp\/v2\/types\/page"}],"author":[{"embeddable":true,"href":"https:\/\/lespinsdesantagiulia.com\/en\/wp-json\/wp\/v2\/users\/1"}],"replies":[{"embeddable":true,"href":"https:\/\/lespinsdesantagiulia.com\/en\/wp-json\/wp\/v2\/comments?post=1386"}],"version-history":[{"count":13,"href":"https:\/\/lespinsdesantagiulia.com\/en\/wp-json\/wp\/v2\/pages\/1386\/revisions"}],"predecessor-version":[{"id":48707,"href":"https:\/\/lespinsdesantagiulia.com\/en\/wp-json\/wp\/v2\/pages\/1386\/revisions\/48707"}],"wp:attachment":[{"href":"https:\/\/lespinsdesantagiulia.com\/en\/wp-json\/wp\/v2\/media?parent=1386"}],"curies":[{"name":"wp","href":"https:\/\/api.w.org\/{rel}","templated":true}]}}